{"id":446,"date":"2023-11-30T16:47:50","date_gmt":"2023-11-30T15:47:50","guid":{"rendered":"https:\/\/www.academiedujazz.com\/?page_id=446"},"modified":"2024-01-29T20:42:34","modified_gmt":"2024-01-29T19:42:34","slug":"jean-cocteau-une-declaration-premonitoire","status":"publish","type":"page","link":"https:\/\/www.academiedujazz.com\/index.php\/jean-cocteau-une-declaration-premonitoire\/","title":{"rendered":"Jean Cocteau : une d\u00e9claration pr\u00e9monitoire"},"content":{"rendered":"\t\t<div data-elementor-type=\"wp-page\" data-elementor-id=\"446\" class=\"elementor elementor-446\" data-elementor-post-type=\"page\">\n\t\t\t\t\t\t\t<div class=\"elementor-element elementor-element-723a93d e-flex e-con-boxed e-con e-parent\" data-id=\"723a93d\" data-element_type=\"container\" data-settings=\"{&quot;background_background&quot;:&quot;classic&quot;,&quot;container_type&quot;:&quot;flex&quot;,&quot;content_width&quot;:&quot;boxed&quot;}\" data-core-v316-plus=\"true\">\n\t\t\t\t\t<div class=\"e-con-inner\">\n\t\t\t\t<div class=\"elementor-element elementor-element-6a6dae8 elementor-widget elementor-widget-spacer\" data-id=\"6a6dae8\" data-element_type=\"widget\" data-widget_type=\"spacer.default\">\n\t\t\t\t<div class=\"elementor-widget-container\">\n\t\t\t<style>\/*! elementor - v3.18.0 - 20-12-2023 *\/\n.elementor-column .elementor-spacer-inner{height:var(--spacer-size)}.e-con{--container-widget-width:100%}.e-con-inner>.elementor-widget-spacer,.e-con>.elementor-widget-spacer{width:var(--container-widget-width,var(--spacer-size));--align-self:var(--container-widget-align-self,initial);--flex-shrink:0}.e-con-inner>.elementor-widget-spacer>.elementor-widget-container,.e-con>.elementor-widget-spacer>.elementor-widget-container{height:100%;width:100%}.e-con-inner>.elementor-widget-spacer>.elementor-widget-container>.elementor-spacer,.e-con>.elementor-widget-spacer>.elementor-widget-container>.elementor-spacer{height:100%}.e-con-inner>.elementor-widget-spacer>.elementor-widget-container>.elementor-spacer>.elementor-spacer-inner,.e-con>.elementor-widget-spacer>.elementor-widget-container>.elementor-spacer>.elementor-spacer-inner{height:var(--container-widget-height,var(--spacer-size))}.e-con-inner>.elementor-widget-spacer.elementor-widget-empty,.e-con>.elementor-widget-spacer.elementor-widget-empty{position:relative;min-height:22px;min-width:22px}.e-con-inner>.elementor-widget-spacer.elementor-widget-empty .elementor-widget-empty-icon,.e-con>.elementor-widget-spacer.elementor-widget-empty .elementor-widget-empty-icon{position:absolute;top:0;bottom:0;left:0;right:0;margin:auto;padding:0;width:22px;height:22px}<\/style>\t\t<div class=\"elementor-spacer\">\n\t\t\t<div class=\"elementor-spacer-inner\"><\/div>\n\t\t<\/div>\n\t\t\t\t<\/div>\n\t\t\t\t<\/div>\n\t\t\t\t<div class=\"elementor-element elementor-element-7c5ddb9 elementor-widget elementor-widget-spacer\" data-id=\"7c5ddb9\" data-element_type=\"widget\" data-widget_type=\"spacer.default\">\n\t\t\t\t<div class=\"elementor-widget-container\">\n\t\t\t\t\t<div class=\"elementor-spacer\">\n\t\t\t<div class=\"elementor-spacer-inner\"><\/div>\n\t\t<\/div>\n\t\t\t\t<\/div>\n\t\t\t\t<\/div>\n\t\t\t\t\t<\/div>\n\t\t\t\t<\/div>\n\t\t<div class=\"elementor-element elementor-element-38f2ce0 e-flex e-con-boxed e-con e-parent\" data-id=\"38f2ce0\" data-element_type=\"container\" data-settings=\"{&quot;background_background&quot;:&quot;classic&quot;,&quot;container_type&quot;:&quot;flex&quot;,&quot;content_width&quot;:&quot;boxed&quot;}\" data-core-v316-plus=\"true\">\n\t\t\t\t\t<div class=\"e-con-inner\">\n\t\t<div class=\"elementor-element elementor-element-bb50893 e-flex e-con-boxed e-con e-child\" data-id=\"bb50893\" data-element_type=\"container\" data-settings=\"{&quot;container_type&quot;:&quot;flex&quot;,&quot;content_width&quot;:&quot;boxed&quot;}\">\n\t\t\t\t\t<div class=\"e-con-inner\">\n\t\t\t\t<div class=\"elementor-element elementor-element-de2c5e1 elementor-widget elementor-widget-image\" data-id=\"de2c5e1\" data-element_type=\"widget\" data-widget_type=\"image.default\">\n\t\t\t\t<div class=\"elementor-widget-container\">\n\t\t\t<style>\/*! elementor - v3.18.0 - 20-12-2023 *\/\n.elementor-widget-image{text-align:center}.elementor-widget-image a{display:inline-block}.elementor-widget-image a img[src$=\".svg\"]{width:48px}.elementor-widget-image img{vertical-align:middle;display:inline-block}<\/style>\t\t\t\t\t\t\t\t\t\t\t\t<img fetchpriority=\"high\" decoding=\"async\" width=\"750\" height=\"629\" src=\"https:\/\/www.academiedujazz.com\/wp-content\/uploads\/2023\/12\/declaration-cocteau.jpg\" class=\"attachment-large size-large wp-image-830\" alt=\"\" srcset=\"https:\/\/www.academiedujazz.com\/wp-content\/uploads\/2023\/12\/declaration-cocteau.jpg 750w, https:\/\/www.academiedujazz.com\/wp-content\/uploads\/2023\/12\/declaration-cocteau-300x252.jpg 300w\" sizes=\"(max-width: 750px) 100vw, 750px\" \/>\t\t\t\t\t\t\t\t\t\t\t\t\t\t\t<\/div>\n\t\t\t\t<\/div>\n\t\t\t\t<div class=\"elementor-element elementor-element-3c91fb4 elementor-absolute redline elementor-widget elementor-widget-image\" data-id=\"3c91fb4\" data-element_type=\"widget\" data-settings=\"{&quot;_position&quot;:&quot;absolute&quot;}\" data-widget_type=\"image.default\">\n\t\t\t\t<div class=\"elementor-widget-container\">\n\t\t\t\t\t\t\t\t\t\t\t\t\t\t\t<img decoding=\"async\" width=\"2187\" height=\"121\" src=\"https:\/\/www.academiedujazz.com\/wp-content\/uploads\/2024\/01\/ligne-rouge-_V7.png\" class=\"attachment-full size-full wp-image-1357\" alt=\"\" srcset=\"https:\/\/www.academiedujazz.com\/wp-content\/uploads\/2024\/01\/ligne-rouge-_V7.png 2187w, https:\/\/www.academiedujazz.com\/wp-content\/uploads\/2024\/01\/ligne-rouge-_V7-300x17.png 300w, https:\/\/www.academiedujazz.com\/wp-content\/uploads\/2024\/01\/ligne-rouge-_V7-1024x57.png 1024w, https:\/\/www.academiedujazz.com\/wp-content\/uploads\/2024\/01\/ligne-rouge-_V7-768x42.png 768w, https:\/\/www.academiedujazz.com\/wp-content\/uploads\/2024\/01\/ligne-rouge-_V7-1536x85.png 1536w, https:\/\/www.academiedujazz.com\/wp-content\/uploads\/2024\/01\/ligne-rouge-_V7-2048x113.png 2048w\" sizes=\"(max-width: 2187px) 100vw, 2187px\" \/>\t\t\t\t\t\t\t\t\t\t\t\t\t\t\t<\/div>\n\t\t\t\t<\/div>\n\t\t\t\t\t<\/div>\n\t\t\t\t<\/div>\n\t\t\t\t\t<\/div>\n\t\t\t\t<\/div>\n\t\t\t\t\t\t\t<\/div>\n\t\t","protected":false},"excerpt":{"rendered":"","protected":false},"author":1,"featured_media":0,"parent":0,"menu_order":0,"comment_status":"closed","ping_status":"closed","template":"elementor_header_footer","meta":{"footnotes":""},"class_list":["post-446","page","type-page","status-publish","hentry"],"yoast_head":"<!-- This site is optimized with the Yoast SEO plugin v21.9.1 - https:\/\/yoast.com\/wordpress\/plugins\/seo\/ -->\n<title>Jean Cocteau : une d\u00e9claration pr\u00e9monitoire - Acad\u00e9mie du Jazz<\/title>\n<meta name=\"robots\" content=\"index, follow, max-snippet:-1, max-image-preview:large, max-video-preview:-1\" \/>\n<link rel=\"canonical\" href=\"https:\/\/www.academiedujazz.com\/index.php\/jean-cocteau-une-declaration-premonitoire\/\" \/>\n<meta property=\"og:locale\" content=\"fr_FR\" \/>\n<meta property=\"og:type\" content=\"article\" \/>\n<meta property=\"og:title\" content=\"Jean Cocteau : une d\u00e9claration pr\u00e9monitoire - Acad\u00e9mie du Jazz\" \/>\n<meta property=\"og:url\" content=\"https:\/\/www.academiedujazz.com\/index.php\/jean-cocteau-une-declaration-premonitoire\/\" \/>\n<meta property=\"og:site_name\" content=\"Acad\u00e9mie du Jazz\" \/>\n<meta property=\"article:modified_time\" content=\"2024-01-29T19:42:34+00:00\" \/>\n<meta property=\"og:image\" content=\"https:\/\/www.academiedujazz.com\/wp-content\/uploads\/2023\/12\/declaration-cocteau.jpg\" \/>\n<meta name=\"twitter:card\" content=\"summary_large_image\" \/>\n<meta name=\"twitter:label1\" content=\"Dur\u00e9e de lecture estim\u00e9e\" \/>\n\t<meta name=\"twitter:data1\" content=\"1 minute\" \/>\n<script type=\"application\/ld+json\" class=\"yoast-schema-graph\">{\"@context\":\"https:\/\/schema.org\",\"@graph\":[{\"@type\":\"WebPage\",\"@id\":\"https:\/\/www.academiedujazz.com\/index.php\/jean-cocteau-une-declaration-premonitoire\/\",\"url\":\"https:\/\/www.academiedujazz.com\/index.php\/jean-cocteau-une-declaration-premonitoire\/\",\"name\":\"Jean Cocteau : une d\u00e9claration pr\u00e9monitoire - Acad\u00e9mie du Jazz\",\"isPartOf\":{\"@id\":\"https:\/\/www.academiedujazz.com\/#website\"},\"datePublished\":\"2023-11-30T15:47:50+00:00\",\"dateModified\":\"2024-01-29T19:42:34+00:00\",\"breadcrumb\":{\"@id\":\"https:\/\/www.academiedujazz.com\/index.php\/jean-cocteau-une-declaration-premonitoire\/#breadcrumb\"},\"inLanguage\":\"fr-FR\",\"potentialAction\":[{\"@type\":\"ReadAction\",\"target\":[\"https:\/\/www.academiedujazz.com\/index.php\/jean-cocteau-une-declaration-premonitoire\/\"]}]},{\"@type\":\"BreadcrumbList\",\"@id\":\"https:\/\/www.academiedujazz.com\/index.php\/jean-cocteau-une-declaration-premonitoire\/#breadcrumb\",\"itemListElement\":[{\"@type\":\"ListItem\",\"position\":1,\"name\":\"Accueil\",\"item\":\"https:\/\/www.academiedujazz.com\/\"},{\"@type\":\"ListItem\",\"position\":2,\"name\":\"Jean Cocteau : une d\u00e9claration pr\u00e9monitoire\"}]},{\"@type\":\"WebSite\",\"@id\":\"https:\/\/www.academiedujazz.com\/#website\",\"url\":\"https:\/\/www.academiedujazz.com\/\",\"name\":\"Acad\u00e9mie du Jazz\",\"description\":\"\",\"publisher\":{\"@id\":\"https:\/\/www.academiedujazz.com\/#organization\"},\"potentialAction\":[{\"@type\":\"SearchAction\",\"target\":{\"@type\":\"EntryPoint\",\"urlTemplate\":\"https:\/\/www.academiedujazz.com\/?s={search_term_string}\"},\"query-input\":\"required name=search_term_string\"}],\"inLanguage\":\"fr-FR\"},{\"@type\":\"Organization\",\"@id\":\"https:\/\/www.academiedujazz.com\/#organization\",\"name\":\"Acad\u00e9mie du Jazz\",\"url\":\"https:\/\/www.academiedujazz.com\/\",\"logo\":{\"@type\":\"ImageObject\",\"inLanguage\":\"fr-FR\",\"@id\":\"https:\/\/www.academiedujazz.com\/#\/schema\/logo\/image\/\",\"url\":\"https:\/\/www.academiedujazz.com\/wp-content\/uploads\/2023\/11\/Logo-web_Academie-Du-Jazz_Fond-sombre.png\",\"contentUrl\":\"https:\/\/www.academiedujazz.com\/wp-content\/uploads\/2023\/11\/Logo-web_Academie-Du-Jazz_Fond-sombre.png\",\"width\":949,\"height\":800,\"caption\":\"Acad\u00e9mie du Jazz\"},\"image\":{\"@id\":\"https:\/\/www.academiedujazz.com\/#\/schema\/logo\/image\/\"}}]}<\/script>\n<!-- \/ Yoast SEO plugin. -->","yoast_head_json":{"title":"Jean Cocteau : une d\u00e9claration pr\u00e9monitoire - Acad\u00e9mie du Jazz","robots":{"index":"index","follow":"follow","max-snippet":"max-snippet:-1","max-image-preview":"max-image-preview:large","max-video-preview":"max-video-preview:-1"},"canonical":"https:\/\/www.academiedujazz.com\/index.php\/jean-cocteau-une-declaration-premonitoire\/","og_locale":"fr_FR","og_type":"article","og_title":"Jean Cocteau : une d\u00e9claration pr\u00e9monitoire - Acad\u00e9mie du Jazz","og_url":"https:\/\/www.academiedujazz.com\/index.php\/jean-cocteau-une-declaration-premonitoire\/","og_site_name":"Acad\u00e9mie du Jazz","article_modified_time":"2024-01-29T19:42:34+00:00","og_image":[{"url":"https:\/\/www.academiedujazz.com\/wp-content\/uploads\/2023\/12\/declaration-cocteau.jpg"}],"twitter_card":"summary_large_image","twitter_misc":{"Dur\u00e9e de lecture estim\u00e9e":"1 minute"},"schema":{"@context":"https:\/\/schema.org","@graph":[{"@type":"WebPage","@id":"https:\/\/www.academiedujazz.com\/index.php\/jean-cocteau-une-declaration-premonitoire\/","url":"https:\/\/www.academiedujazz.com\/index.php\/jean-cocteau-une-declaration-premonitoire\/","name":"Jean Cocteau : une d\u00e9claration pr\u00e9monitoire - Acad\u00e9mie du Jazz","isPartOf":{"@id":"https:\/\/www.academiedujazz.com\/#website"},"datePublished":"2023-11-30T15:47:50+00:00","dateModified":"2024-01-29T19:42:34+00:00","breadcrumb":{"@id":"https:\/\/www.academiedujazz.com\/index.php\/jean-cocteau-une-declaration-premonitoire\/#breadcrumb"},"inLanguage":"fr-FR","potentialAction":[{"@type":"ReadAction","target":["https:\/\/www.academiedujazz.com\/index.php\/jean-cocteau-une-declaration-premonitoire\/"]}]},{"@type":"BreadcrumbList","@id":"https:\/\/www.academiedujazz.com\/index.php\/jean-cocteau-une-declaration-premonitoire\/#breadcrumb","itemListElement":[{"@type":"ListItem","position":1,"name":"Accueil","item":"https:\/\/www.academiedujazz.com\/"},{"@type":"ListItem","position":2,"name":"Jean Cocteau : une d\u00e9claration pr\u00e9monitoire"}]},{"@type":"WebSite","@id":"https:\/\/www.academiedujazz.com\/#website","url":"https:\/\/www.academiedujazz.com\/","name":"Acad\u00e9mie du Jazz","description":"","publisher":{"@id":"https:\/\/www.academiedujazz.com\/#organization"},"potentialAction":[{"@type":"SearchAction","target":{"@type":"EntryPoint","urlTemplate":"https:\/\/www.academiedujazz.com\/?s={search_term_string}"},"query-input":"required name=search_term_string"}],"inLanguage":"fr-FR"},{"@type":"Organization","@id":"https:\/\/www.academiedujazz.com\/#organization","name":"Acad\u00e9mie du Jazz","url":"https:\/\/www.academiedujazz.com\/","logo":{"@type":"ImageObject","inLanguage":"fr-FR","@id":"https:\/\/www.academiedujazz.com\/#\/schema\/logo\/image\/","url":"https:\/\/www.academiedujazz.com\/wp-content\/uploads\/2023\/11\/Logo-web_Academie-Du-Jazz_Fond-sombre.png","contentUrl":"https:\/\/www.academiedujazz.com\/wp-content\/uploads\/2023\/11\/Logo-web_Academie-Du-Jazz_Fond-sombre.png","width":949,"height":800,"caption":"Acad\u00e9mie du Jazz"},"image":{"@id":"https:\/\/www.academiedujazz.com\/#\/schema\/logo\/image\/"}}]}},"_links":{"self":[{"href":"https:\/\/www.academiedujazz.com\/index.php\/wp-json\/wp\/v2\/pages\/446","targetHints":{"allow":["GET"]}}],"collection":[{"href":"https:\/\/www.academiedujazz.com\/index.php\/wp-json\/wp\/v2\/pages"}],"about":[{"href":"https:\/\/www.academiedujazz.com\/index.php\/wp-json\/wp\/v2\/types\/page"}],"author":[{"embeddable":true,"href":"https:\/\/www.academiedujazz.com\/index.php\/wp-json\/wp\/v2\/users\/1"}],"replies":[{"embeddable":true,"href":"https:\/\/www.academiedujazz.com\/index.php\/wp-json\/wp\/v2\/comments?post=446"}],"version-history":[{"count":35,"href":"https:\/\/www.academiedujazz.com\/index.php\/wp-json\/wp\/v2\/pages\/446\/revisions"}],"predecessor-version":[{"id":2045,"href":"https:\/\/www.academiedujazz.com\/index.php\/wp-json\/wp\/v2\/pages\/446\/revisions\/2045"}],"wp:attachment":[{"href":"https:\/\/www.academiedujazz.com\/index.php\/wp-json\/wp\/v2\/media?parent=446"}],"curies":[{"name":"wp","href":"https:\/\/api.w.org\/{rel}","templated":true}]}}