{"id":1371,"date":"2024-01-13T14:21:36","date_gmt":"2024-01-13T13:21:36","guid":{"rendered":"https:\/\/www.academiedujazz.com\/?page_id=1371"},"modified":"2024-01-13T14:32:58","modified_gmt":"2024-01-13T13:32:58","slug":"mentions-legales","status":"publish","type":"page","link":"https:\/\/www.academiedujazz.com\/index.php\/mentions-legales\/","title":{"rendered":"Mentions l\u00e9gales"},"content":{"rendered":"\t\t<div data-elementor-type=\"wp-page\" data-elementor-id=\"1371\" class=\"elementor elementor-1371\" data-elementor-post-type=\"page\">\n\t\t\t\t\t\t\t<div class=\"elementor-element elementor-element-200c3d8 e-flex e-con-boxed e-con e-parent\" data-id=\"200c3d8\" data-element_type=\"container\" data-settings=\"{&quot;background_background&quot;:&quot;classic&quot;,&quot;container_type&quot;:&quot;flex&quot;,&quot;content_width&quot;:&quot;boxed&quot;}\" data-core-v316-plus=\"true\">\n\t\t\t\t\t<div class=\"e-con-inner\">\n\t\t\t\t<div class=\"elementor-element elementor-element-2cc263c elementor-widget elementor-widget-heading\" data-id=\"2cc263c\" data-element_type=\"widget\" data-widget_type=\"heading.default\">\n\t\t\t\t<div class=\"elementor-widget-container\">\n\t\t\t<style>\/*! elementor - v3.18.0 - 20-12-2023 *\/\n.elementor-heading-title{padding:0;margin:0;line-height:1}.elementor-widget-heading .elementor-heading-title[class*=elementor-size-]>a{color:inherit;font-size:inherit;line-height:inherit}.elementor-widget-heading .elementor-heading-title.elementor-size-small{font-size:15px}.elementor-widget-heading .elementor-heading-title.elementor-size-medium{font-size:19px}.elementor-widget-heading .elementor-heading-title.elementor-size-large{font-size:29px}.elementor-widget-heading .elementor-heading-title.elementor-size-xl{font-size:39px}.elementor-widget-heading .elementor-heading-title.elementor-size-xxl{font-size:59px}<\/style><h2 class=\"elementor-heading-title elementor-size-default\">Mentions l\u00e9gales<\/h2>\t\t<\/div>\n\t\t\t\t<\/div>\n\t\t\t\t<div class=\"elementor-element elementor-element-20905ff elementor-widget__width-initial elementor-widget elementor-widget-text-editor\" data-id=\"20905ff\" data-element_type=\"widget\" data-widget_type=\"text-editor.default\">\n\t\t\t\t<div class=\"elementor-widget-container\">\n\t\t\t<style>\/*! elementor - v3.18.0 - 20-12-2023 *\/\n.elementor-widget-text-editor.elementor-drop-cap-view-stacked .elementor-drop-cap{background-color:#69727d;color:#fff}.elementor-widget-text-editor.elementor-drop-cap-view-framed .elementor-drop-cap{color:#69727d;border:3px solid;background-color:transparent}.elementor-widget-text-editor:not(.elementor-drop-cap-view-default) .elementor-drop-cap{margin-top:8px}.elementor-widget-text-editor:not(.elementor-drop-cap-view-default) .elementor-drop-cap-letter{width:1em;height:1em}.elementor-widget-text-editor .elementor-drop-cap{float:left;text-align:center;line-height:1;font-size:50px}.elementor-widget-text-editor .elementor-drop-cap-letter{display:inline-block}<\/style>\t\t\t\t<p><ul>\n \t<li><span class=\"s2\">Identification<\/span><\/li>\n<\/ul>\n<span class=\"s2\">Le site academiedujazz.com est exploit\u00e9 par l&rsquo;Association Acad\u00e9mie du Jazz, r\u00e9gie par la loi du 1er juillet 1901, dont le si\u00e8ge est situ\u00e9 au 675 route de Ch\u00e2teau Landon 45210 Nargis, France, et dont le num\u00e9ro de SIREN est 443 578 497.<\/span><\/p>\n\n<p><span class=\"s2\">L&rsquo;Association est joignable \u00e0 l\u2019adresse \u00e9lectronique <a href=\"mailto:jazzproust@gmail.com\" target=\"_blank\" rel=\"noopener\">jazzproust@gmail.com<\/a> et au num\u00e9ro de t\u00e9l\u00e9phone <a href=\"tel:+33612841568\">+33 6 12 84 15 68<\/a>.<\/span><\/p>\n<ul>\n \t<li><span class=\"s2\">Directeur de la publication<\/span><\/li>\n<\/ul>\n<p class=\"p5\"><span class=\"s2\">Le directeur de la publication du site web est M. Jean-Michel Proust, en qualit\u00e9 de Pr\u00e9sident de l&rsquo;Association.<\/span><\/p>\n\n<ul>\n \t<li class=\"p1\"><span class=\"s2\">H\u00e9bergement<\/span><\/li>\n<\/ul>\n<p class=\"p5\"><span class=\"s2\">Le prestataire assurant le stockage direct et permanent du site academiedujazz.com est la soci\u00e9t\u00e9 OVH dont l\u2019adresse est 2 rue Kellermann 59100 Roubaix, France.<\/span><\/p>\n<p class=\"p5\"><span class=\"s2\">Num\u00e9ro de t\u00e9l\u00e9phone : 1007.<\/span><\/p>\t\t\t\t\t\t<\/div>\n\t\t\t\t<\/div>\n\t\t\t\t\t<\/div>\n\t\t\t\t<\/div>\n\t\t\t\t\t\t\t<\/div>\n\t\t","protected":false},"excerpt":{"rendered":"<p>Identification Le site academiedujazz.com est exploit\u00e9 par l&rsquo;Association Acad\u00e9mie du Jazz, r\u00e9gie par la loi du 1er juillet 1901, dont le si\u00e8ge est situ\u00e9 au 675 route de Ch\u00e2teau Landon 45210 Nargis, France, et dont le num\u00e9ro de SIREN est 443 578 497. L&rsquo;Association est joignable \u00e0 l\u2019adresse \u00e9lectronique jazzproust@gmail.com et au num\u00e9ro de t\u00e9l\u00e9phone [&hellip;]<\/p>\n","protected":false},"author":1,"featured_media":0,"parent":0,"menu_order":0,"comment_status":"closed","ping_status":"closed","template":"elementor_header_footer","meta":{"footnotes":""},"class_list":["post-1371","page","type-page","status-publish","hentry"],"yoast_head":"<!-- This site is optimized with the Yoast SEO plugin v21.9.1 - https:\/\/yoast.com\/wordpress\/plugins\/seo\/ -->\n<title>Mentions l\u00e9gales - Acad\u00e9mie du Jazz<\/title>\n<meta name=\"robots\" content=\"index, follow, max-snippet:-1, max-image-preview:large, max-video-preview:-1\" \/>\n<link rel=\"canonical\" href=\"https:\/\/www.academiedujazz.com\/index.php\/mentions-legales\/\" \/>\n<meta property=\"og:locale\" content=\"fr_FR\" \/>\n<meta property=\"og:type\" content=\"article\" \/>\n<meta property=\"og:title\" content=\"Mentions l\u00e9gales - Acad\u00e9mie du Jazz\" \/>\n<meta property=\"og:description\" content=\"Identification Le site academiedujazz.com est exploit\u00e9 par l&rsquo;Association Acad\u00e9mie du Jazz, r\u00e9gie par la loi du 1er juillet 1901, dont le si\u00e8ge est situ\u00e9 au 675 route de Ch\u00e2teau Landon 45210 Nargis, France, et dont le num\u00e9ro de SIREN est 443 578 497. L&rsquo;Association est joignable \u00e0 l\u2019adresse \u00e9lectronique jazzproust@gmail.com et au num\u00e9ro de t\u00e9l\u00e9phone [&hellip;]\" \/>\n<meta property=\"og:url\" content=\"https:\/\/www.academiedujazz.com\/index.php\/mentions-legales\/\" \/>\n<meta property=\"og:site_name\" content=\"Acad\u00e9mie du Jazz\" \/>\n<meta property=\"article:modified_time\" content=\"2024-01-13T13:32:58+00:00\" \/>\n<meta name=\"twitter:card\" content=\"summary_large_image\" \/>\n<meta name=\"twitter:label1\" content=\"Dur\u00e9e de lecture estim\u00e9e\" \/>\n\t<meta name=\"twitter:data1\" content=\"1 minute\" \/>\n<script type=\"application\/ld+json\" class=\"yoast-schema-graph\">{\"@context\":\"https:\/\/schema.org\",\"@graph\":[{\"@type\":\"WebPage\",\"@id\":\"https:\/\/www.academiedujazz.com\/index.php\/mentions-legales\/\",\"url\":\"https:\/\/www.academiedujazz.com\/index.php\/mentions-legales\/\",\"name\":\"Mentions l\u00e9gales - Acad\u00e9mie du Jazz\",\"isPartOf\":{\"@id\":\"https:\/\/www.academiedujazz.com\/#website\"},\"datePublished\":\"2024-01-13T13:21:36+00:00\",\"dateModified\":\"2024-01-13T13:32:58+00:00\",\"breadcrumb\":{\"@id\":\"https:\/\/www.academiedujazz.com\/index.php\/mentions-legales\/#breadcrumb\"},\"inLanguage\":\"fr-FR\",\"potentialAction\":[{\"@type\":\"ReadAction\",\"target\":[\"https:\/\/www.academiedujazz.com\/index.php\/mentions-legales\/\"]}]},{\"@type\":\"BreadcrumbList\",\"@id\":\"https:\/\/www.academiedujazz.com\/index.php\/mentions-legales\/#breadcrumb\",\"itemListElement\":[{\"@type\":\"ListItem\",\"position\":1,\"name\":\"Accueil\",\"item\":\"https:\/\/www.academiedujazz.com\/\"},{\"@type\":\"ListItem\",\"position\":2,\"name\":\"Mentions l\u00e9gales\"}]},{\"@type\":\"WebSite\",\"@id\":\"https:\/\/www.academiedujazz.com\/#website\",\"url\":\"https:\/\/www.academiedujazz.com\/\",\"name\":\"Acad\u00e9mie du Jazz\",\"description\":\"\",\"publisher\":{\"@id\":\"https:\/\/www.academiedujazz.com\/#organization\"},\"potentialAction\":[{\"@type\":\"SearchAction\",\"target\":{\"@type\":\"EntryPoint\",\"urlTemplate\":\"https:\/\/www.academiedujazz.com\/?s={search_term_string}\"},\"query-input\":\"required name=search_term_string\"}],\"inLanguage\":\"fr-FR\"},{\"@type\":\"Organization\",\"@id\":\"https:\/\/www.academiedujazz.com\/#organization\",\"name\":\"Acad\u00e9mie du Jazz\",\"url\":\"https:\/\/www.academiedujazz.com\/\",\"logo\":{\"@type\":\"ImageObject\",\"inLanguage\":\"fr-FR\",\"@id\":\"https:\/\/www.academiedujazz.com\/#\/schema\/logo\/image\/\",\"url\":\"https:\/\/www.academiedujazz.com\/wp-content\/uploads\/2023\/11\/Logo-web_Academie-Du-Jazz_Fond-sombre.png\",\"contentUrl\":\"https:\/\/www.academiedujazz.com\/wp-content\/uploads\/2023\/11\/Logo-web_Academie-Du-Jazz_Fond-sombre.png\",\"width\":949,\"height\":800,\"caption\":\"Acad\u00e9mie du Jazz\"},\"image\":{\"@id\":\"https:\/\/www.academiedujazz.com\/#\/schema\/logo\/image\/\"}}]}<\/script>\n<!-- \/ Yoast SEO plugin. -->","yoast_head_json":{"title":"Mentions l\u00e9gales - Acad\u00e9mie du Jazz","robots":{"index":"index","follow":"follow","max-snippet":"max-snippet:-1","max-image-preview":"max-image-preview:large","max-video-preview":"max-video-preview:-1"},"canonical":"https:\/\/www.academiedujazz.com\/index.php\/mentions-legales\/","og_locale":"fr_FR","og_type":"article","og_title":"Mentions l\u00e9gales - Acad\u00e9mie du Jazz","og_description":"Identification Le site academiedujazz.com est exploit\u00e9 par l&rsquo;Association Acad\u00e9mie du Jazz, r\u00e9gie par la loi du 1er juillet 1901, dont le si\u00e8ge est situ\u00e9 au 675 route de Ch\u00e2teau Landon 45210 Nargis, France, et dont le num\u00e9ro de SIREN est 443 578 497. L&rsquo;Association est joignable \u00e0 l\u2019adresse \u00e9lectronique jazzproust@gmail.com et au num\u00e9ro de t\u00e9l\u00e9phone [&hellip;]","og_url":"https:\/\/www.academiedujazz.com\/index.php\/mentions-legales\/","og_site_name":"Acad\u00e9mie du Jazz","article_modified_time":"2024-01-13T13:32:58+00:00","twitter_card":"summary_large_image","twitter_misc":{"Dur\u00e9e de lecture estim\u00e9e":"1 minute"},"schema":{"@context":"https:\/\/schema.org","@graph":[{"@type":"WebPage","@id":"https:\/\/www.academiedujazz.com\/index.php\/mentions-legales\/","url":"https:\/\/www.academiedujazz.com\/index.php\/mentions-legales\/","name":"Mentions l\u00e9gales - Acad\u00e9mie du Jazz","isPartOf":{"@id":"https:\/\/www.academiedujazz.com\/#website"},"datePublished":"2024-01-13T13:21:36+00:00","dateModified":"2024-01-13T13:32:58+00:00","breadcrumb":{"@id":"https:\/\/www.academiedujazz.com\/index.php\/mentions-legales\/#breadcrumb"},"inLanguage":"fr-FR","potentialAction":[{"@type":"ReadAction","target":["https:\/\/www.academiedujazz.com\/index.php\/mentions-legales\/"]}]},{"@type":"BreadcrumbList","@id":"https:\/\/www.academiedujazz.com\/index.php\/mentions-legales\/#breadcrumb","itemListElement":[{"@type":"ListItem","position":1,"name":"Accueil","item":"https:\/\/www.academiedujazz.com\/"},{"@type":"ListItem","position":2,"name":"Mentions l\u00e9gales"}]},{"@type":"WebSite","@id":"https:\/\/www.academiedujazz.com\/#website","url":"https:\/\/www.academiedujazz.com\/","name":"Acad\u00e9mie du Jazz","description":"","publisher":{"@id":"https:\/\/www.academiedujazz.com\/#organization"},"potentialAction":[{"@type":"SearchAction","target":{"@type":"EntryPoint","urlTemplate":"https:\/\/www.academiedujazz.com\/?s={search_term_string}"},"query-input":"required name=search_term_string"}],"inLanguage":"fr-FR"},{"@type":"Organization","@id":"https:\/\/www.academiedujazz.com\/#organization","name":"Acad\u00e9mie du Jazz","url":"https:\/\/www.academiedujazz.com\/","logo":{"@type":"ImageObject","inLanguage":"fr-FR","@id":"https:\/\/www.academiedujazz.com\/#\/schema\/logo\/image\/","url":"https:\/\/www.academiedujazz.com\/wp-content\/uploads\/2023\/11\/Logo-web_Academie-Du-Jazz_Fond-sombre.png","contentUrl":"https:\/\/www.academiedujazz.com\/wp-content\/uploads\/2023\/11\/Logo-web_Academie-Du-Jazz_Fond-sombre.png","width":949,"height":800,"caption":"Acad\u00e9mie du Jazz"},"image":{"@id":"https:\/\/www.academiedujazz.com\/#\/schema\/logo\/image\/"}}]}},"_links":{"self":[{"href":"https:\/\/www.academiedujazz.com\/index.php\/wp-json\/wp\/v2\/pages\/1371","targetHints":{"allow":["GET"]}}],"collection":[{"href":"https:\/\/www.academiedujazz.com\/index.php\/wp-json\/wp\/v2\/pages"}],"about":[{"href":"https:\/\/www.academiedujazz.com\/index.php\/wp-json\/wp\/v2\/types\/page"}],"author":[{"embeddable":true,"href":"https:\/\/www.academiedujazz.com\/index.php\/wp-json\/wp\/v2\/users\/1"}],"replies":[{"embeddable":true,"href":"https:\/\/www.academiedujazz.com\/index.php\/wp-json\/wp\/v2\/comments?post=1371"}],"version-history":[{"count":4,"href":"https:\/\/www.academiedujazz.com\/index.php\/wp-json\/wp\/v2\/pages\/1371\/revisions"}],"predecessor-version":[{"id":1376,"href":"https:\/\/www.academiedujazz.com\/index.php\/wp-json\/wp\/v2\/pages\/1371\/revisions\/1376"}],"wp:attachment":[{"href":"https:\/\/www.academiedujazz.com\/index.php\/wp-json\/wp\/v2\/media?parent=1371"}],"curies":[{"name":"wp","href":"https:\/\/api.w.org\/{rel}","templated":true}]}}